{"id":91,"date":"2020-09-26T09:50:00","date_gmt":"2020-09-26T02:50:00","guid":{"rendered":"http:\/\/cpse.com.vn\/?page_id=91"},"modified":"2020-09-26T09:50:00","modified_gmt":"2020-09-26T02:50:00","slug":"moi-truong","status":"publish","type":"page","link":"https:\/\/cpse.com.vn\/?page_id=91","title":{"rendered":"M\u00f4i tr\u01b0\u1eddng"},"content":{"rendered":"","protected":false},"excerpt":{"rendered":"","protected":false},"author":1,"featured_media":0,"parent":0,"menu_order":0,"comment_status":"closed","ping_status":"closed","template":"","meta":[],"yoast_head":"<!-- This site is optimized with the Yoast SEO plugin v14.9 - https:\/\/yoast.com\/wordpress\/plugins\/seo\/ -->\n<meta name=\"robots\" content=\"index, follow, max-snippet:-1, max-image-preview:large, max-video-preview:-1\" \/>\n<link rel=\"canonical\" href=\"http:\/\/cpse.com.vn\/?page_id=91\" \/>\n<meta property=\"og:locale\" content=\"vi_VN\" \/>\n<meta property=\"og:type\" content=\"article\" \/>\n<meta property=\"og:title\" content=\"M\u00f4i tr\u01b0\u1eddng - C\u00d4NG TY C\u1ed4 PH\u1ea6N NGHI\u00caN C\u1ee8U PH\u00c1T TRI\u1ec2N AN TO\u00c0N V\u00c0 M\u00d4I TR\u01af\u1edcNG D\u1ea6U KH\u00cd\" \/>\n<meta property=\"og:url\" content=\"http:\/\/cpse.com.vn\/?page_id=91\" \/>\n<meta property=\"og:site_name\" content=\"C\u00d4NG TY C\u1ed4 PH\u1ea6N NGHI\u00caN C\u1ee8U PH\u00c1T TRI\u1ec2N AN TO\u00c0N V\u00c0 M\u00d4I TR\u01af\u1edcNG D\u1ea6U KH\u00cd\" \/>\n<meta name=\"twitter:card\" content=\"summary_large_image\" \/>\n<script type=\"application\/ld+json\" class=\"yoast-schema-graph\">{\"@context\":\"https:\/\/schema.org\",\"@graph\":[{\"@type\":\"WebSite\",\"@id\":\"https:\/\/cpse.com.vn\/#website\",\"url\":\"https:\/\/cpse.com.vn\/\",\"name\":\"C\\u00d4NG TY C\\u1ed4 PH\\u1ea6N NGHI\\u00caN C\\u1ee8U PH\\u00c1T TRI\\u1ec2N AN TO\\u00c0N V\\u00c0 M\\u00d4I TR\\u01af\\u1edcNG D\\u1ea6U KH\\u00cd\",\"description\":\"\",\"potentialAction\":[{\"@type\":\"SearchAction\",\"target\":\"https:\/\/cpse.com.vn\/?s={search_term_string}\",\"query-input\":\"required name=search_term_string\"}],\"inLanguage\":\"vi-VN\"},{\"@type\":\"WebPage\",\"@id\":\"http:\/\/cpse.com.vn\/?page_id=91#webpage\",\"url\":\"http:\/\/cpse.com.vn\/?page_id=91\",\"name\":\"M\\u00f4i tr\\u01b0\\u1eddng - C\\u00d4NG TY C\\u1ed4 PH\\u1ea6N NGHI\\u00caN C\\u1ee8U PH\\u00c1T TRI\\u1ec2N AN TO\\u00c0N V\\u00c0 M\\u00d4I TR\\u01af\\u1edcNG D\\u1ea6U KH\\u00cd\",\"isPartOf\":{\"@id\":\"https:\/\/cpse.com.vn\/#website\"},\"datePublished\":\"2020-09-26T02:50:00+00:00\",\"dateModified\":\"2020-09-26T02:50:00+00:00\",\"inLanguage\":\"vi-VN\",\"potentialAction\":[{\"@type\":\"ReadAction\",\"target\":[\"http:\/\/cpse.com.vn\/?page_id=91\"]}]}]}<\/script>\n<!-- \/ Yoast SEO plugin. -->","_links":{"self":[{"href":"https:\/\/cpse.com.vn\/index.php?rest_route=\/wp\/v2\/pages\/91"}],"collection":[{"href":"https:\/\/cpse.com.vn\/index.php?rest_route=\/wp\/v2\/pages"}],"about":[{"href":"https:\/\/cpse.com.vn\/index.php?rest_route=\/wp\/v2\/types\/page"}],"author":[{"embeddable":true,"href":"https:\/\/cpse.com.vn\/index.php?rest_route=\/wp\/v2\/users\/1"}],"replies":[{"embeddable":true,"href":"https:\/\/cpse.com.vn\/index.php?rest_route=%2Fwp%2Fv2%2Fcomments&post=91"}],"version-history":[{"count":1,"href":"https:\/\/cpse.com.vn\/index.php?rest_route=\/wp\/v2\/pages\/91\/revisions"}],"predecessor-version":[{"id":92,"href":"https:\/\/cpse.com.vn\/index.php?rest_route=\/wp\/v2\/pages\/91\/revisions\/92"}],"wp:attachment":[{"href":"https:\/\/cpse.com.vn\/index.php?rest_route=%2Fwp%2Fv2%2Fmedia&parent=91"}],"curies":[{"name":"wp","href":"https:\/\/api.w.org\/{rel}","templated":true}]}}