{"id":116,"date":"2020-09-26T11:05:43","date_gmt":"2020-09-26T04:05:43","guid":{"rendered":"http:\/\/cpse.com.vn\/?page_id=116"},"modified":"2020-09-26T16:46:51","modified_gmt":"2020-09-26T09:46:51","slug":"lien-he","status":"publish","type":"page","link":"https:\/\/cpse.com.vn\/?page_id=116","title":{"rendered":"Li\u00ean h\u1ec7"},"content":{"rendered":"\n<p>N\u1ebfu c\u00f3 c\u00e2u h\u1ecfi, xin vui l\u00f2ng li\u00ean h\u1ec7<\/p>\n\n\n<div role=\"form\" class=\"wpcf7\" id=\"wpcf7-f139-o1\" lang=\"vi\" dir=\"ltr\">\n<div class=\"screen-reader-response\" role=\"alert\" aria-live=\"polite\"><\/div>\n<form action=\"\/index.php?rest_route=%2Fwp%2Fv2%2Fpages%2F116#wpcf7-f139-o1\" method=\"post\" class=\"wpcf7-form init\" novalidate=\"novalidate\">\n<div style=\"display: none;\">\n<input type=\"hidden\" name=\"_wpcf7\" value=\"139\" \/>\n<input type=\"hidden\" name=\"_wpcf7_version\" value=\"5.2.2\" \/>\n<input type=\"hidden\" name=\"_wpcf7_locale\" value=\"vi\" \/>\n<input type=\"hidden\" name=\"_wpcf7_unit_tag\" value=\"wpcf7-f139-o1\" \/>\n<input type=\"hidden\" name=\"_wpcf7_container_post\" value=\"0\" \/>\n<input type=\"hidden\" name=\"_wpcf7_posted_data_hash\" value=\"\" \/>\n<\/div>\n<p><label> T\u00ean c\u1ee7a b\u1ea1n (required)<br \/>\n    <span class=\"wpcf7-form-control-wrap your-name\"><input type=\"text\" name=\"your-name\" value=\"\" size=\"40\" class=\"wpcf7-form-control wpcf7-text wpcf7-validates-as-required\" aria-required=\"true\" aria-invalid=\"false\" \/><\/span> <\/label><\/p>\n<p><label> Email c\u1ee7a b\u1ea1n (required)<br \/>\n    <span class=\"wpcf7-form-control-wrap your-email\"><input type=\"email\" name=\"your-email\" value=\"\" size=\"40\" class=\"wpcf7-form-control wpcf7-text wpcf7-email wpcf7-validates-as-required wpcf7-validates-as-email\" aria-required=\"true\" aria-invalid=\"false\" \/><\/span> <\/label><\/p>\n<p><label> Ti\u00eau \u0111\u1ec1<br \/>\n    <span class=\"wpcf7-form-control-wrap your-subject\"><input type=\"text\" name=\"your-subject\" value=\"\" size=\"40\" class=\"wpcf7-form-control wpcf7-text\" aria-invalid=\"false\" \/><\/span> <\/label><\/p>\n<p><label> N\u1ed9i dung<br \/>\n    <span class=\"wpcf7-form-control-wrap your-message\"><textarea name=\"your-message\" cols=\"40\" rows=\"10\" class=\"wpcf7-form-control wpcf7-textarea\" aria-invalid=\"false\"><\/textarea><\/span> <\/label><\/p>\n<p><input type=\"submit\" value=\"Send\" class=\"wpcf7-form-control wpcf7-submit\" \/><\/p>\n<div class=\"wpcf7-response-output\" role=\"alert\" aria-hidden=\"true\"><\/div><\/form><\/div>\n","protected":false},"excerpt":{"rendered":"<p>N\u1ebfu c\u00f3 c\u00e2u h\u1ecfi, xin vui l\u00f2ng li\u00ean h\u1ec7<\/p>\n","protected":false},"author":1,"featured_media":0,"parent":0,"menu_order":0,"comment_status":"closed","ping_status":"closed","template":"","meta":[],"yoast_head":"<!-- This site is optimized with the Yoast SEO plugin v14.9 - https:\/\/yoast.com\/wordpress\/plugins\/seo\/ -->\n<meta name=\"robots\" content=\"index, follow, max-snippet:-1, max-image-preview:large, max-video-preview:-1\" \/>\n<link rel=\"canonical\" href=\"http:\/\/cpse.com.vn\/?page_id=116\" \/>\n<meta property=\"og:locale\" content=\"vi_VN\" \/>\n<meta property=\"og:type\" content=\"article\" \/>\n<meta property=\"og:title\" content=\"Li\u00ean h\u1ec7 - C\u00d4NG TY C\u1ed4 PH\u1ea6N NGHI\u00caN C\u1ee8U PH\u00c1T TRI\u1ec2N AN TO\u00c0N V\u00c0 M\u00d4I TR\u01af\u1edcNG D\u1ea6U KH\u00cd\" \/>\n<meta property=\"og:description\" content=\"N\u1ebfu c\u00f3 c\u00e2u h\u1ecfi, xin vui l\u00f2ng li\u00ean h\u1ec7\" \/>\n<meta property=\"og:url\" content=\"http:\/\/cpse.com.vn\/?page_id=116\" \/>\n<meta property=\"og:site_name\" content=\"C\u00d4NG TY C\u1ed4 PH\u1ea6N NGHI\u00caN C\u1ee8U PH\u00c1T TRI\u1ec2N AN TO\u00c0N V\u00c0 M\u00d4I TR\u01af\u1edcNG D\u1ea6U KH\u00cd\" \/>\n<meta property=\"article:modified_time\" content=\"2020-09-26T09:46:51+00:00\" \/>\n<meta name=\"twitter:card\" content=\"summary_large_image\" \/>\n<script type=\"application\/ld+json\" class=\"yoast-schema-graph\">{\"@context\":\"https:\/\/schema.org\",\"@graph\":[{\"@type\":\"WebSite\",\"@id\":\"https:\/\/cpse.com.vn\/#website\",\"url\":\"https:\/\/cpse.com.vn\/\",\"name\":\"C\\u00d4NG TY C\\u1ed4 PH\\u1ea6N NGHI\\u00caN C\\u1ee8U PH\\u00c1T TRI\\u1ec2N AN TO\\u00c0N V\\u00c0 M\\u00d4I TR\\u01af\\u1edcNG D\\u1ea6U KH\\u00cd\",\"description\":\"\",\"potentialAction\":[{\"@type\":\"SearchAction\",\"target\":\"https:\/\/cpse.com.vn\/?s={search_term_string}\",\"query-input\":\"required name=search_term_string\"}],\"inLanguage\":\"vi-VN\"},{\"@type\":\"WebPage\",\"@id\":\"http:\/\/cpse.com.vn\/?page_id=116#webpage\",\"url\":\"http:\/\/cpse.com.vn\/?page_id=116\",\"name\":\"Li\\u00ean h\\u1ec7 - C\\u00d4NG TY C\\u1ed4 PH\\u1ea6N NGHI\\u00caN C\\u1ee8U PH\\u00c1T TRI\\u1ec2N AN TO\\u00c0N V\\u00c0 M\\u00d4I TR\\u01af\\u1edcNG D\\u1ea6U KH\\u00cd\",\"isPartOf\":{\"@id\":\"https:\/\/cpse.com.vn\/#website\"},\"datePublished\":\"2020-09-26T04:05:43+00:00\",\"dateModified\":\"2020-09-26T09:46:51+00:00\",\"inLanguage\":\"vi-VN\",\"potentialAction\":[{\"@type\":\"ReadAction\",\"target\":[\"http:\/\/cpse.com.vn\/?page_id=116\"]}]}]}<\/script>\n<!-- \/ Yoast SEO plugin. -->","_links":{"self":[{"href":"https:\/\/cpse.com.vn\/index.php?rest_route=\/wp\/v2\/pages\/116"}],"collection":[{"href":"https:\/\/cpse.com.vn\/index.php?rest_route=\/wp\/v2\/pages"}],"about":[{"href":"https:\/\/cpse.com.vn\/index.php?rest_route=\/wp\/v2\/types\/page"}],"author":[{"embeddable":true,"href":"https:\/\/cpse.com.vn\/index.php?rest_route=\/wp\/v2\/users\/1"}],"replies":[{"embeddable":true,"href":"https:\/\/cpse.com.vn\/index.php?rest_route=%2Fwp%2Fv2%2Fcomments&post=116"}],"version-history":[{"count":7,"href":"https:\/\/cpse.com.vn\/index.php?rest_route=\/wp\/v2\/pages\/116\/revisions"}],"predecessor-version":[{"id":152,"href":"https:\/\/cpse.com.vn\/index.php?rest_route=\/wp\/v2\/pages\/116\/revisions\/152"}],"wp:attachment":[{"href":"https:\/\/cpse.com.vn\/index.php?rest_route=%2Fwp%2Fv2%2Fmedia&parent=116"}],"curies":[{"name":"wp","href":"https:\/\/api.w.org\/{rel}","templated":true}]}}